{"id":80,"date":"2025-12-02T13:11:05","date_gmt":"2025-12-02T12:11:05","guid":{"rendered":"https:\/\/farmacialacorchera.es\/farmacia\/?post_type=product&#038;p=80"},"modified":"2025-12-02T13:19:12","modified_gmt":"2025-12-02T12:19:12","slug":"nemanex","status":"publish","type":"product","link":"https:\/\/farmacialacorchera.es\/farmacia\/product\/nemanex\/","title":{"rendered":"Nemanex"},"content":{"rendered":"<p><span style=\"font-weight: 400;\">Nemanex es un suplemento alimenticio l\u00edquido elaborado a partir de un complejo de extractos de plantas. Est\u00e1 dise\u00f1ado para favorecer la salud digestiva y crear un ambiente corporal desfavorable para helmintos y protozoos. Su uso regular ayuda a mejorar el bienestar general y a normalizar la funci\u00f3n gastrointestinal.<\/span><\/p>\n<h2><b>\u00bfQu\u00e9 son las gotas de Nemanex?<\/b><\/h2>\n<p><span style=\"font-weight: 400;\">Nemanex es una soluci\u00f3n moderna para quienes se preocupan por el funcionamiento armonioso de su cuerpo. No es un medicamento, sino un suplemento diet\u00e9tico que favorece el equilibrio interno de forma suave y natural. Su f\u00f3rmula combina la tradici\u00f3n ancestral del uso de plantas medicinales con m\u00e9todos de producci\u00f3n modernos.<\/span><\/p>\n<p><span style=\"font-weight: 400;\">Si te preguntas para qu\u00e9 se utiliza Nemanex, estos son los principales aspectos de su aplicaci\u00f3n:<\/span><\/p>\n<ul>\n<li style=\"font-weight: 400;\" aria-level=\"1\"><b>Apoyo digestivo:<\/b><span style=\"font-weight: 400;\">Contribuye al funcionamiento c\u00f3modo de los intestinos.<\/span><\/li>\n<li style=\"font-weight: 400;\" aria-level=\"1\"><b>Creando un ambiente desfavorable:<\/b><span style=\"font-weight: 400;\">Los componentes vegetales contribuyen a crear condiciones que dificultan la actividad vital de organismos no deseados.<\/span><\/li>\n<li style=\"font-weight: 400;\" aria-level=\"1\"><b>Salud general:<\/b><span style=\"font-weight: 400;\">Mejora la absorci\u00f3n de nutrientes, lo que tiene un efecto positivo en el tono y los niveles de energ\u00eda.<\/span><\/li>\n<li style=\"font-weight: 400;\" aria-level=\"1\"><b>Desintoxicaci\u00f3n natural:<\/b><span style=\"font-weight: 400;\">Promueve la eliminaci\u00f3n suave de toxinas y productos de degradaci\u00f3n.<\/span><\/li>\n<\/ul>\n<p><span style=\"font-weight: 400;\">Por lo tanto, Nemanex, gracias a su enfoque integral para el mantenimiento de la salud, se convierte en un aliado confiable. Es adecuado para adultos y ni\u00f1os con vidas activas o con mayor exigencia f\u00edsica.<\/span><\/p>\n<h2><b>Breve descripci\u00f3n del producto<\/b><\/h2>\n<table>\n<tbody>\n<tr>\n<td><b>Configuraci\u00f3n<\/b><\/td>\n<td><b>Descripci\u00f3n<\/b><\/td>\n<\/tr>\n<tr>\n<td><b>Nombre<\/b><\/td>\n<td><span style=\"font-weight: 400;\">Nemanex<\/span><\/td>\n<\/tr>\n<tr>\n<td><b>Categor\u00eda<\/b><\/td>\n<td><span style=\"font-weight: 400;\">Suplemento diet\u00e9tico<\/span><\/td>\n<\/tr>\n<tr>\n<td><b>Forma<\/b><\/td>\n<td><span style=\"font-weight: 400;\">L\u00edquido (gotas)<\/span><\/td>\n<\/tr>\n<tr>\n<td><b>P\u00fablico principal<\/b><\/td>\n<td><span style=\"font-weight: 400;\">Adultos, adolescentes, deportistas, viajeros, todas las personas preocupadas por la salud de su sistema digestivo.<\/span><\/td>\n<\/tr>\n<\/tbody>\n<\/table>\n<h2><b>Ingredientes y composici\u00f3n<\/b><\/h2>\n<p><span style=\"font-weight: 400;\">La composici\u00f3n de Nemanex est\u00e1 cuidadosamente equilibrada e incluye \u00fanicamente ingredientes vegetales de eficacia comprobada. Cada uno contribuye al efecto general.<\/span><\/p>\n<h3><b>Ingredientes principales y beneficios<\/b><\/h3>\n<table>\n<tbody>\n<tr>\n<td><b>Ingrediente<\/b><\/td>\n<td><b>Sus principales ventajas<\/b><\/td>\n<\/tr>\n<tr>\n<td><b>extracto de ra\u00edz de bardana<\/b><\/td>\n<td><span style=\"font-weight: 400;\">Favorece la eliminaci\u00f3n del exceso de l\u00edquidos y toxinas, tiene propiedades antioxidantes, apoya la salud de la piel.<\/span><\/td>\n<\/tr>\n<tr>\n<td><b>extracto de vara de oro<\/b><\/td>\n<td><span style=\"font-weight: 400;\">Tiene acci\u00f3n antiinflamatoria, apoya el funcionamiento del sistema urinario y fortalece las defensas naturales del organismo.<\/span><\/td>\n<\/tr>\n<tr>\n<td><b>extracto de hoja de alcachofa<\/b><\/td>\n<td><span style=\"font-weight: 400;\">Estimula la producci\u00f3n de bilis, ayuda a mantener la funci\u00f3n hep\u00e1tica saludable, mejora la digesti\u00f3n de las grasas.<\/span><\/td>\n<\/tr>\n<tr>\n<td><b>extracto de alcachofa de Jerusal\u00e9n<\/b><\/td>\n<td><span style=\"font-weight: 400;\">Contiene inulina, un prebi\u00f3tico que nutre la microflora intestinal beneficiosa y refuerza la inmunidad.<\/span><\/td>\n<\/tr>\n<tr>\n<td><b>extracto de hoja de laurel<\/b><\/td>\n<td><span style=\"font-weight: 400;\">Tiene propiedades antimicrobianas, mejora los procesos digestivos y ayuda a reducir las molestias.<\/span><\/td>\n<\/tr>\n<\/tbody>\n<\/table>\n<h2>Opiniones sobre Nemanex<\/h2>\n<p><span style=\"font-weight: 400;\">Recopilamos comentarios de personas que ya han probado Nemanex en su rutina de cuidado de la salud. La mayor\u00eda de las rese\u00f1as son positivas; sin embargo, algunos usuarios se\u00f1alan que lograr un efecto duradero lleva tiempo y no se deben esperar resultados inmediatos.<\/span><\/p>\n<blockquote><p><span style=\"font-weight: 400;\">Despu\u00e9s de unas vacaciones, sent\u00ed cierta pesadez e incomodidad. Al usar Nemanex durante un tiempo, recuper\u00e9 una mayor sensaci\u00f3n de ligereza y bienestar. Estoy satisfecho con el resultado.<\/span><\/p><\/blockquote>\n<p><strong>Alejandro Torres, 34 a\u00f1os, Valencia<\/strong><\/p>\n<blockquote><p><span style=\"font-weight: 400;\">Como deportista, es importante para m\u00ed mantenerme en forma. Uso Nemanex regularmente para mantener una funci\u00f3n intestinal normal. Me siento de maravilla.<\/span><\/p><\/blockquote>\n<p><strong>Laura Mart\u00ednez, 29 a\u00f1os, Sevilla<\/strong><\/p>\n<blockquote><p><span style=\"font-weight: 400;\">Buscaba un producto suave para toda la familia. Nos decidimos por Nemanex. El efecto no fue inmediato, pero despu\u00e9s de unas semanas, todos notamos una mejor\u00eda en la digesti\u00f3n.<\/span><\/p><\/blockquote>\n<p><strong>Mar\u00eda Fern\u00e1ndez, 41 a\u00f1os, Zaragoza<\/strong><\/p>\n<h2><b>Precauciones<\/b><\/h2>\n<p><span style=\"font-weight: 400;\">A pesar de la composici\u00f3n natural, es importante tomar cualquier suplemento de forma responsable y seguir las recomendaciones.<\/span><\/p>\n<h3><b>Posibles efectos secundarios<\/b><\/h3>\n<ul>\n<li style=\"font-weight: 400;\" aria-level=\"1\"><span style=\"font-weight: 400;\">En casos muy raros, son posibles reacciones al\u00e9rgicas leves en casos de mayor sensibilidad a los componentes.<\/span><\/li>\n<li style=\"font-weight: 400;\" aria-level=\"1\"><span style=\"font-weight: 400;\">Al iniciar la toma del complemento alimenticio se puede observar un ligero ablandamiento de las heces, pero \u00e9ste desaparece espont\u00e1neamente.<\/span><\/li>\n<\/ul>\n<h3><b>Contraindicaciones<\/b><\/h3>\n<ul>\n<li style=\"font-weight: 400;\" aria-level=\"1\"><span style=\"font-weight: 400;\">Intolerancia individual a uno de los componentes de la composici\u00f3n.<\/span><\/li>\n<li style=\"font-weight: 400;\" aria-level=\"1\"><span style=\"font-weight: 400;\">Periodo de embarazo y lactancia (se requiere consulta con un m\u00e9dico).<\/span><\/li>\n<li style=\"font-weight: 400;\" aria-level=\"1\"><span style=\"font-weight: 400;\">Ni\u00f1os menores de 6 a\u00f1os.<\/span><\/li>\n<\/ul>\n<h3><b>C\u00f3mo conservar<\/b><\/h3>\n<ul>\n<li style=\"font-weight: 400;\" aria-level=\"1\"><span style=\"font-weight: 400;\">Conservar la botella en un lugar seco, alejado de la luz solar directa.<\/span><\/li>\n<li style=\"font-weight: 400;\" aria-level=\"1\"><span style=\"font-weight: 400;\">La temperatura \u00f3ptima de almacenamiento es de un m\u00e1ximo de 25\u00b0C.<\/span><\/li>\n<li style=\"font-weight: 400;\" aria-level=\"1\"><span style=\"font-weight: 400;\">Cierre bien la tapa despu\u00e9s de usar.<\/span><\/li>\n<li style=\"font-weight: 400;\" aria-level=\"1\"><span style=\"font-weight: 400;\">Mantener fuera del alcance de los ni\u00f1os.<\/span><\/li>\n<\/ul>\n<p><i><span style=\"font-weight: 400;\">Importante: Todos los posibles efectos secundarios son generalmente temporales y desaparecen r\u00e1pidamente despu\u00e9s de suspender su uso.<\/span><\/i><\/p>\n<h2><b>\u00bfC\u00f3mo lo compro y cu\u00e1l es el precio?<\/b><\/h2>\n<h3>\u00bfSe puede comprar Nemanex en Amazon?<\/h3>\n<p><span style=\"font-weight: 400;\">Para garantizar la calidad y recibir un producto original, compre \u00fanicamente en la p\u00e1gina web oficial del fabricante. Este es el \u00fanico canal confiable que garantiza la autenticidad y frescura del producto.<\/span><\/p>\n<p><b>\u00a1Cuidado con los productos falsificados!<\/b><span style=\"font-weight: 400;\">Nemanex no se vende en plataformas como Amazon o eBay, ni en supermercados. Comprar en sitios web de terceros conlleva el riesgo de recibir un producto de mala calidad o ineficaz.<\/span><\/p>\n<h3><b>Precio<\/b><\/h3>\n<p><span style=\"font-weight: 400;\">En el sitio web oficial se encuentran regularmente ofertas especiales y descuentos. Consulta el precio exacto y actual en el sitio web del proveedor. A menudo es posible adquirir un paquete con descuento durante los periodos promocionales.<\/span><\/p>\n<h2><b>C\u00f3mo tomar<\/b><\/h2>\n<p><span style=\"font-weight: 400;\">Para obtener los mejores resultados, es importante seguir las instrucciones.<\/span><\/p>\n<h3><b>Instrucciones de uso<\/b><\/h3>\n<ul>\n<li style=\"font-weight: 400;\" aria-level=\"1\"><span style=\"font-weight: 400;\">Las gotas deben diluirse en una peque\u00f1a cantidad de agua pura sin gas (aproximadamente 100-150 ml) antes de su consumo.<\/span><\/li>\n<li style=\"font-weight: 400;\" aria-level=\"1\"><span style=\"font-weight: 400;\">Mezcle bien los ingredientes antes de beber.<\/span><\/li>\n<li style=\"font-weight: 400;\" aria-level=\"1\"><span style=\"font-weight: 400;\">Tome el producto entre las comidas para una absorci\u00f3n \u00f3ptima.<\/span><\/li>\n<\/ul>\n<h3><b>Dosis recomendada<\/b><\/h3>\n<ul>\n<li style=\"font-weight: 400;\" aria-level=\"1\"><b>Para adultos y adolescentes mayores de 14 a\u00f1os:<\/b><span style=\"font-weight: 400;\">20 gotas dos veces al d\u00eda.<\/span><\/li>\n<li style=\"font-weight: 400;\" aria-level=\"1\"><b>Para ni\u00f1os de 6 a 14 a\u00f1os:<\/b><span style=\"font-weight: 400;\">10 gotas dos veces al d\u00eda.<\/span><\/li>\n<li style=\"font-weight: 400;\" aria-level=\"1\"><strong>Duraci\u00f3n<\/strong>: se recomienda utilizar el producto durante 10 a 14 d\u00edas.<\/li>\n<\/ul>\n<h2><b>FAQ: Preguntas frecuentes<\/b><\/h2>\n<h3><b>\u00bfCu\u00e1nto dura el efecto de Nemanex?<\/b><\/h3>\n<p><span style=\"font-weight: 400;\">El efecto se desarrolla gradualmente a medida que los principios activos se acumulan en el organismo. Las primeras mejoras en la calidad digestiva y el bienestar general se pueden observar entre una y dos semanas de uso regular.<\/span><\/p>\n<h3><b>\u00bfC\u00f3mo combate Nemanex los par\u00e1sitos?<\/b><\/h3>\n<p><span style=\"font-weight: 400;\">Los extractos de plantas de este suplemento crean un ambiente intestinal desfavorable para la vida de helmintos y protozoos. Combinado con el apoyo a la flora intestinal beneficiosa y al sistema inmunitario, esto promueve el proceso natural de limpieza del organismo.<\/span><\/p>\n<h3><b>\u00bfCu\u00e1les son los efectos secundarios de las gotas de Nemanex?<\/b><\/h3>\n<p><span style=\"font-weight: 400;\">Gracias a su composici\u00f3n natural, este complemento alimenticio suele ser bien tolerado. En raras ocasiones, pueden presentarse reacciones leves relacionadas con la sensibilidad individual, pero estas desaparecen r\u00e1pidamente. Si se presentan s\u00edntomas inusuales, suspenda su uso.<\/span><\/p>\n","protected":false},"excerpt":{"rendered":"<p>Nemanex es un suplemento alimenticio l\u00edquido elaborado a partir de un complejo de extractos de plantas. Est\u00e1 dise\u00f1ado para favorecer [&hellip;]<\/p>\n","protected":false},"featured_media":81,"comment_status":"open","ping_status":"closed","template":"","meta":{"site-sidebar-layout":"default","site-content-layout":"","ast-site-content-layout":"default","site-content-style":"default","site-sidebar-style":"default","ast-global-header-display":"","ast-banner-title-visibility":"","ast-main-header-display":"","ast-hfb-above-header-display":"","ast-hfb-below-header-display":"","ast-hfb-mobile-header-display":"","site-post-title":"","ast-breadcrumbs-content":"","ast-featured-img":"","footer-sml-layout":"","theme-transparent-header-meta":"default","adv-header-id-meta":"","stick-header-meta":"","header-above-stick-meta":"","header-main-stick-meta":"","header-below-stick-meta":"","astra-migrate-meta-layouts":"set","ast-page-background-enabled":"default","ast-page-background-meta":{"desktop":{"background-color":"var(--ast-global-color-5)","background-image":"","background-repeat":"repeat","background-position":"center center","background-size":"auto","background-attachment":"scroll","background-type":"","background-media":"","overlay-type":"","overlay-color":"","overlay-opacity":"","overlay-gradient":""},"tablet":{"background-color":"","background-image":"","background-repeat":"repeat","background-position":"center center","background-size":"auto","background-attachment":"scroll","background-type":"","background-media":"","overlay-type":"","overlay-color":"","overlay-opacity":"","overlay-gradient":""},"mobile":{"background-color":"","background-image":"","background-repeat":"repeat","background-position":"center center","background-size":"auto","background-attachment":"scroll","background-type":"","background-media":"","overlay-type":"","overlay-color":"","overlay-opacity":"","overlay-gradient":""}},"ast-content-background-meta":{"desktop":{"background-color":"var(--ast-global-color-4)","background-image":"","background-repeat":"repeat","background-position":"center center","background-size":"auto","background-attachment":"scroll","background-type":"","background-media":"","overlay-type":"","overlay-color":"","overlay-opacity":"","overlay-gradient":""},"tablet":{"background-color":"var(--ast-global-color-4)","background-image":"","background-repeat":"repeat","background-position":"center center","background-size":"auto","background-attachment":"scroll","background-type":"","background-media":"","overlay-type":"","overlay-color":"","overlay-opacity":"","overlay-gradient":""},"mobile":{"background-color":"var(--ast-global-color-4)","background-image":"","background-repeat":"repeat","background-position":"center center","background-size":"auto","background-attachment":"scroll","background-type":"","background-media":"","overlay-type":"","overlay-color":"","overlay-opacity":"","overlay-gradient":""}}},"product_brand":[],"product_cat":[15],"product_tag":[],"class_list":{"0":"post-80","1":"product","2":"type-product","3":"status-publish","4":"has-post-thumbnail","6":"product_cat-misc","7":"desktop-align-left","8":"tablet-align-left","9":"mobile-align-left","11":"first","12":"instock","13":"sale","14":"shipping-taxable","15":"purchasable","16":"product-type-simple"},"yoast_head":"<!-- This site is optimized with the Yoast SEO plugin v26.4 - https:\/\/yoast.com\/wordpress\/plugins\/seo\/ -->\n<title>Nemanex en farmacia: opiniones, composici\u00f3n y compra con descuento en - Farmacia en l\u00ednea<\/title>\n<meta name=\"robots\" content=\"index, follow, max-snippet:-1, max-image-preview:large, max-video-preview:-1\" \/>\n<link rel=\"canonical\" href=\"https:\/\/farmacialacorchera.es\/farmacia\/product\/nemanex\/\" \/>\n<meta property=\"og:locale\" content=\"es_ES\" \/>\n<meta property=\"og:type\" content=\"article\" \/>\n<meta property=\"og:title\" content=\"Nemanex en farmacia: opiniones, composici\u00f3n y compra con descuento en - Farmacia en l\u00ednea\" \/>\n<meta property=\"og:description\" content=\"Nemanex es un suplemento alimenticio l\u00edquido elaborado a partir de un complejo de extractos de plantas. Est\u00e1 dise\u00f1ado para favorecer [&hellip;]\" \/>\n<meta property=\"og:url\" content=\"https:\/\/farmacialacorchera.es\/farmacia\/product\/nemanex\/\" \/>\n<meta property=\"og:site_name\" content=\"Farmacia en l\u00ednea\" \/>\n<meta property=\"article:modified_time\" content=\"2025-12-02T12:19:12+00:00\" \/>\n<meta property=\"og:image\" content=\"https:\/\/farmacialacorchera.es\/farmacia\/wp-content\/uploads\/2025\/12\/nemanex.webp\" \/>\n\t<meta property=\"og:image:width\" content=\"300\" \/>\n\t<meta property=\"og:image:height\" content=\"419\" \/>\n\t<meta property=\"og:image:type\" content=\"image\/webp\" \/>\n<meta name=\"twitter:card\" content=\"summary_large_image\" \/>\n<meta name=\"twitter:label1\" content=\"Tiempo de lectura\" \/>\n\t<meta name=\"twitter:data1\" content=\"5 minutos\" \/>\n<script type=\"application\/ld+json\" class=\"yoast-schema-graph\">{\"@context\":\"https:\/\/schema.org\",\"@graph\":[{\"@type\":\"WebPage\",\"@id\":\"https:\/\/farmacialacorchera.es\/farmacia\/product\/nemanex\/\",\"url\":\"https:\/\/farmacialacorchera.es\/farmacia\/product\/nemanex\/\",\"name\":\"Nemanex en farmacia: opiniones, composici\u00f3n y compra con descuento en - Farmacia en l\u00ednea\",\"isPartOf\":{\"@id\":\"https:\/\/farmacialacorchera.es\/farmacia\/#website\"},\"primaryImageOfPage\":{\"@id\":\"https:\/\/farmacialacorchera.es\/farmacia\/product\/nemanex\/#primaryimage\"},\"image\":{\"@id\":\"https:\/\/farmacialacorchera.es\/farmacia\/product\/nemanex\/#primaryimage\"},\"thumbnailUrl\":\"https:\/\/farmacialacorchera.es\/farmacia\/wp-content\/uploads\/2025\/12\/nemanex.webp\",\"datePublished\":\"2025-12-02T12:11:05+00:00\",\"dateModified\":\"2025-12-02T12:19:12+00:00\",\"breadcrumb\":{\"@id\":\"https:\/\/farmacialacorchera.es\/farmacia\/product\/nemanex\/#breadcrumb\"},\"inLanguage\":\"es\",\"potentialAction\":[{\"@type\":\"ReadAction\",\"target\":[\"https:\/\/farmacialacorchera.es\/farmacia\/product\/nemanex\/\"]}]},{\"@type\":\"ImageObject\",\"inLanguage\":\"es\",\"@id\":\"https:\/\/farmacialacorchera.es\/farmacia\/product\/nemanex\/#primaryimage\",\"url\":\"https:\/\/farmacialacorchera.es\/farmacia\/wp-content\/uploads\/2025\/12\/nemanex.webp\",\"contentUrl\":\"https:\/\/farmacialacorchera.es\/farmacia\/wp-content\/uploads\/2025\/12\/nemanex.webp\",\"width\":300,\"height\":419,\"caption\":\"nemanex\"},{\"@type\":\"BreadcrumbList\",\"@id\":\"https:\/\/farmacialacorchera.es\/farmacia\/product\/nemanex\/#breadcrumb\",\"itemListElement\":[{\"@type\":\"ListItem\",\"position\":1,\"name\":\"\u0413\u043b\u0430\u0432\u043d\u0430\u044f \u0441\u0442\u0440\u0430\u043d\u0438\u0446\u0430\",\"item\":\"https:\/\/farmacialacorchera.es\/farmacia\/\"},{\"@type\":\"ListItem\",\"position\":2,\"name\":\"Tienda\",\"item\":\"https:\/\/farmacialacorchera.es\/farmacia\/\"},{\"@type\":\"ListItem\",\"position\":3,\"name\":\"Nemanex\"}]},{\"@type\":\"WebSite\",\"@id\":\"https:\/\/farmacialacorchera.es\/farmacia\/#website\",\"url\":\"https:\/\/farmacialacorchera.es\/farmacia\/\",\"name\":\"Farmacia en l\u00ednea\",\"description\":\"\",\"potentialAction\":[{\"@type\":\"SearchAction\",\"target\":{\"@type\":\"EntryPoint\",\"urlTemplate\":\"https:\/\/farmacialacorchera.es\/farmacia\/?s={search_term_string}\"},\"query-input\":{\"@type\":\"PropertyValueSpecification\",\"valueRequired\":true,\"valueName\":\"search_term_string\"}}],\"inLanguage\":\"es\"}]}<\/script>\n<!-- \/ Yoast SEO plugin. -->","yoast_head_json":{"title":"Nemanex en farmacia: opiniones, composici\u00f3n y compra con descuento en - Farmacia en l\u00ednea","robots":{"index":"index","follow":"follow","max-snippet":"max-snippet:-1","max-image-preview":"max-image-preview:large","max-video-preview":"max-video-preview:-1"},"canonical":"https:\/\/farmacialacorchera.es\/farmacia\/product\/nemanex\/","og_locale":"es_ES","og_type":"article","og_title":"Nemanex en farmacia: opiniones, composici\u00f3n y compra con descuento en - Farmacia en l\u00ednea","og_description":"Nemanex es un suplemento alimenticio l\u00edquido elaborado a partir de un complejo de extractos de plantas. Est\u00e1 dise\u00f1ado para favorecer [&hellip;]","og_url":"https:\/\/farmacialacorchera.es\/farmacia\/product\/nemanex\/","og_site_name":"Farmacia en l\u00ednea","article_modified_time":"2025-12-02T12:19:12+00:00","og_image":[{"width":300,"height":419,"url":"https:\/\/farmacialacorchera.es\/farmacia\/wp-content\/uploads\/2025\/12\/nemanex.webp","type":"image\/webp"}],"twitter_card":"summary_large_image","twitter_misc":{"Tiempo de lectura":"5 minutos"},"schema":{"@context":"https:\/\/schema.org","@graph":[{"@type":"WebPage","@id":"https:\/\/farmacialacorchera.es\/farmacia\/product\/nemanex\/","url":"https:\/\/farmacialacorchera.es\/farmacia\/product\/nemanex\/","name":"Nemanex en farmacia: opiniones, composici\u00f3n y compra con descuento en - Farmacia en l\u00ednea","isPartOf":{"@id":"https:\/\/farmacialacorchera.es\/farmacia\/#website"},"primaryImageOfPage":{"@id":"https:\/\/farmacialacorchera.es\/farmacia\/product\/nemanex\/#primaryimage"},"image":{"@id":"https:\/\/farmacialacorchera.es\/farmacia\/product\/nemanex\/#primaryimage"},"thumbnailUrl":"https:\/\/farmacialacorchera.es\/farmacia\/wp-content\/uploads\/2025\/12\/nemanex.webp","datePublished":"2025-12-02T12:11:05+00:00","dateModified":"2025-12-02T12:19:12+00:00","breadcrumb":{"@id":"https:\/\/farmacialacorchera.es\/farmacia\/product\/nemanex\/#breadcrumb"},"inLanguage":"es","potentialAction":[{"@type":"ReadAction","target":["https:\/\/farmacialacorchera.es\/farmacia\/product\/nemanex\/"]}]},{"@type":"ImageObject","inLanguage":"es","@id":"https:\/\/farmacialacorchera.es\/farmacia\/product\/nemanex\/#primaryimage","url":"https:\/\/farmacialacorchera.es\/farmacia\/wp-content\/uploads\/2025\/12\/nemanex.webp","contentUrl":"https:\/\/farmacialacorchera.es\/farmacia\/wp-content\/uploads\/2025\/12\/nemanex.webp","width":300,"height":419,"caption":"nemanex"},{"@type":"BreadcrumbList","@id":"https:\/\/farmacialacorchera.es\/farmacia\/product\/nemanex\/#breadcrumb","itemListElement":[{"@type":"ListItem","position":1,"name":"\u0413\u043b\u0430\u0432\u043d\u0430\u044f \u0441\u0442\u0440\u0430\u043d\u0438\u0446\u0430","item":"https:\/\/farmacialacorchera.es\/farmacia\/"},{"@type":"ListItem","position":2,"name":"Tienda","item":"https:\/\/farmacialacorchera.es\/farmacia\/"},{"@type":"ListItem","position":3,"name":"Nemanex"}]},{"@type":"WebSite","@id":"https:\/\/farmacialacorchera.es\/farmacia\/#website","url":"https:\/\/farmacialacorchera.es\/farmacia\/","name":"Farmacia en l\u00ednea","description":"","potentialAction":[{"@type":"SearchAction","target":{"@type":"EntryPoint","urlTemplate":"https:\/\/farmacialacorchera.es\/farmacia\/?s={search_term_string}"},"query-input":{"@type":"PropertyValueSpecification","valueRequired":true,"valueName":"search_term_string"}}],"inLanguage":"es"}]}},"_links":{"self":[{"href":"https:\/\/farmacialacorchera.es\/farmacia\/wp-json\/wp\/v2\/product\/80","targetHints":{"allow":["GET"]}}],"collection":[{"href":"https:\/\/farmacialacorchera.es\/farmacia\/wp-json\/wp\/v2\/product"}],"about":[{"href":"https:\/\/farmacialacorchera.es\/farmacia\/wp-json\/wp\/v2\/types\/product"}],"replies":[{"embeddable":true,"href":"https:\/\/farmacialacorchera.es\/farmacia\/wp-json\/wp\/v2\/comments?post=80"}],"wp:featuredmedia":[{"embeddable":true,"href":"https:\/\/farmacialacorchera.es\/farmacia\/wp-json\/wp\/v2\/media\/81"}],"wp:attachment":[{"href":"https:\/\/farmacialacorchera.es\/farmacia\/wp-json\/wp\/v2\/media?parent=80"}],"wp:term":[{"taxonomy":"product_brand","embeddable":true,"href":"https:\/\/farmacialacorchera.es\/farmacia\/wp-json\/wp\/v2\/product_brand?post=80"},{"taxonomy":"product_cat","embeddable":true,"href":"https:\/\/farmacialacorchera.es\/farmacia\/wp-json\/wp\/v2\/product_cat?post=80"},{"taxonomy":"product_tag","embeddable":true,"href":"https:\/\/farmacialacorchera.es\/farmacia\/wp-json\/wp\/v2\/product_tag?post=80"}],"curies":[{"name":"wp","href":"https:\/\/api.w.org\/{rel}","templated":true}]}}