{"id":84,"date":"2025-12-02T13:26:20","date_gmt":"2025-12-02T12:26:20","guid":{"rendered":"https:\/\/farmacialacorchera.es\/farmacia\/?post_type=product&#038;p=84"},"modified":"2025-12-02T13:27:53","modified_gmt":"2025-12-02T12:27:53","slug":"erexol","status":"publish","type":"product","link":"https:\/\/farmacialacorchera.es\/farmacia\/product\/erexol\/","title":{"rendered":"Erexol"},"content":{"rendered":"<p><span style=\"font-weight: 400;\">Erexol es el acelerador de \u00faltima generaci\u00f3n que ayuda a revitalizar el vigor masculino y a mejorar tu vida sexual. Su f\u00f3rmula de origen natural act\u00faa de forma hol\u00edstica para abordar la disminuci\u00f3n de la libido, la falta de energ\u00eda y la resistencia. En resumen, es el impulso vegetal que necesitas para recuperar la confianza y la armon\u00eda en tu relaci\u00f3n.<\/span><\/p>\n<h2><b>\u00bfQu\u00e9 es Erexol?<\/b><\/h2>\n<p><span style=\"font-weight: 400;\">Erexol es una soluci\u00f3n dise\u00f1ada para hombres que desean cuidar su salud \u00edntima. Lejos de las pastillas qu\u00edmicas, se basa en un enfoque hol\u00edstico que aprovecha lo mejor de las plantas.<\/span><\/p>\n<p><span style=\"font-weight: 400;\">\u00bfQu\u00e9 hace Erexol? Su objetivo es favorecer suavemente el correcto funcionamiento del sistema reproductor masculino. Sus principales objetivos son:<\/span><\/p>\n<ul>\n<li style=\"font-weight: 400;\" aria-level=\"1\"><span style=\"font-weight: 400;\">Reaviva la chispa. Los ingredientes activos potencian el dinamismo y despiertan la libido. Adapt\u00f3genos como el ginseng y la maca favorecen la energ\u00eda mental y la motivaci\u00f3n. Ayudan a controlar el estr\u00e9s, reavivan el deseo y promueven una mentalidad positiva a diario.<\/span><\/li>\n<li style=\"font-weight: 400;\" aria-level=\"1\"><span style=\"font-weight: 400;\">Favorece la erecci\u00f3n. Su f\u00f3rmula favorece un flujo sangu\u00edneo \u00f3ptimo a la pelvis. Los fitoactivos ricos en polifenoles estimulan la producci\u00f3n de \u00f3xido n\u00edtrico y la vasodilataci\u00f3n local para mejorar el flujo sangu\u00edneo p\u00e9lvico. La hidrataci\u00f3n, el sue\u00f1o y la actividad f\u00edsica potencian este efecto.<\/span><\/li>\n<li style=\"font-weight: 400;\" aria-level=\"1\"><span style=\"font-weight: 400;\">Aumenta tu resistencia. Este suplemento ayuda a reducir la fatiga y a recuperar la vitalidad. Las vitaminas del complejo B y el magnesio ayudan a disminuir el cansancio y a fortalecer los m\u00fasculos. Impulsan el metabolismo energ\u00e9tico, favorecen la recuperaci\u00f3n y contribuyen a un rendimiento constante.<\/span><\/li>\n<li style=\"font-weight: 400;\" aria-level=\"1\"><span style=\"font-weight: 400;\">Bienestar general masculino. Ciertos extractos tambi\u00e9n favorecen la salud prost\u00e1tica. El saw palmetto, la semilla de calabaza y el licopeno contribuyen al bienestar urinario y a la salud prost\u00e1tica. El objetivo: bienestar diario y mantenimiento del equilibrio hormonal.<\/span><\/li>\n<\/ul>\n<p><span style=\"font-weight: 400;\">\u00bfPara qui\u00e9n es? Para hombres de todas las edades que est\u00e9n pasando por un mal momento o simplemente quieran sentirse m\u00e1s activos sexualmente. Solo para adultos. Ideal para periodos de baja energ\u00eda, despu\u00e9s del estr\u00e9s o durante una entrevista. No se recomienda su uso en caso de afecci\u00f3n m\u00e9dica sin consultar a un m\u00e9dico.<\/span><\/p>\n<h2><b>El producto en breve<\/b><\/h2>\n<table>\n<tbody>\n<tr>\n<td><span style=\"font-weight: 400;\">Detalle<\/span><\/td>\n<td><span style=\"font-weight: 400;\">Descripci\u00f3n<\/span><\/td>\n<\/tr>\n<tr>\n<td><span style=\"font-weight: 400;\">Nombre<\/span><\/td>\n<td><span style=\"font-weight: 400;\">Erexol<\/span><\/td>\n<\/tr>\n<tr>\n<td><span style=\"font-weight: 400;\">Categor\u00eda<\/span><\/td>\n<td><span style=\"font-weight: 400;\">Suplemento diet\u00e9tico<\/span><\/td>\n<\/tr>\n<tr>\n<td><span style=\"font-weight: 400;\">Forma<\/span><\/td>\n<td><span style=\"font-weight: 400;\">C\u00e1psulas<\/span><\/td>\n<\/tr>\n<tr>\n<td><span style=\"font-weight: 400;\">Audiencia<\/span><\/td>\n<td><span style=\"font-weight: 400;\">Para hombres adultos preocupados por su bienestar \u00edntimo<\/span><\/td>\n<\/tr>\n<\/tbody>\n<\/table>\n<h2><b>La composici\u00f3n<\/b><\/h2>\n<p><span style=\"font-weight: 400;\">La f\u00f3rmula de Erexol se desarroll\u00f3 con extractos de plantas. Est\u00e1 dise\u00f1ada para un uso prolongado y una tranquilidad total.<\/span><\/p>\n<h3><b>Ingredientes y beneficios<\/b><\/h3>\n<table>\n<tbody>\n<tr>\n<td><span style=\"font-weight: 400;\">Ingrediente<\/span><\/td>\n<td><span style=\"font-weight: 400;\">Su papel<\/span><\/td>\n<\/tr>\n<tr>\n<td><span style=\"font-weight: 400;\">extracto de corteza de sauce<\/span><\/td>\n<td><span style=\"font-weight: 400;\">Promueve una circulaci\u00f3n suave, clave para erecciones \u00f3ptimas.<\/span><\/td>\n<\/tr>\n<tr>\n<td><span style=\"font-weight: 400;\">extracto de ortiga<\/span><\/td>\n<td><span style=\"font-weight: 400;\">Contribuye al equilibrio hormonal y al bienestar de la pr\u00f3stata.<\/span><\/td>\n<\/tr>\n<tr>\n<td><span style=\"font-weight: 400;\">extracto de ra\u00edz de ginseng<\/span><\/td>\n<td><span style=\"font-weight: 400;\">Proporciona un verdadero impulso y ayuda con el estr\u00e9s.<\/span><\/td>\n<\/tr>\n<tr>\n<td><span style=\"font-weight: 400;\">extracto de saw palmetto<\/span><\/td>\n<td><span style=\"font-weight: 400;\">Contribuye a la salud de la pr\u00f3stata y al flujo urinario adecuado.<\/span><\/td>\n<\/tr>\n<tr>\n<td><span style=\"font-weight: 400;\">extracto de maca<\/span><\/td>\n<td><span style=\"font-weight: 400;\">Estimula naturalmente la libido y favorece la fertilidad.<\/span><\/td>\n<\/tr>\n<\/tbody>\n<\/table>\n<h2><b>Opiniones sobre Erexol<\/b><\/h2>\n<p><span style=\"font-weight: 400;\">Las rese\u00f1as de Erexol son mayoritariamente positivas. Muchos reportan un aumento gradual de energ\u00eda y vitalidad. Sin embargo, los efectos var\u00edan de persona a persona y dependen del uso regular. Quienes esperan un milagro inmediato se sentir\u00e1n decepcionados: el producto natural act\u00faa con suavidad y tarda un tiempo en dar resultados.<\/span><\/p>\n<p><span style=\"font-weight: 400;\">\u00a0\u00a0He recuperado la confianza en m\u00ed mismo y mi relaci\u00f3n con mi esposa es m\u00e1s tranquila. Lo recomiendo si buscas una alternativa natural.<\/span><\/p>\n<p><i><span style=\"font-weight: 400;\">Javier G\u00f3mez, 45 a\u00f1os, M\u00e1laga<\/span><\/i><\/p>\n<p><span style=\"font-weight: 400;\">Despu\u00e9s de un mes, sent\u00ed que el cansancio laboral ya no afectaba tanto mi relaci\u00f3n. El efecto de Erexol es sutil, pero sin duda est\u00e1 ah\u00ed.<\/span><\/p>\n<p><i><span style=\"font-weight: 400;\">Manuel Ruiz, 52 a\u00f1os, Bilbao<\/span><\/i><\/p>\n<p><span style=\"font-weight: 400;\">Quer\u00eda evitar los productos de laboratorio. La composici\u00f3n de Erexol me convenci\u00f3. En tan solo unas semanas, me sent\u00ed m\u00e1s tranquilo y resiliente.<\/span><\/p>\n<p><i><span style=\"font-weight: 400;\">Carlos Navarro, 48 a\u00f1os, Valencia<\/span><\/i><\/p>\n<h2><b>Precauciones a tomar<\/b><\/h2>\n<p><span style=\"font-weight: 400;\">Es de suma importancia leer las precauciones de uso antes de comenzar a utilizar el producto.<\/span><\/p>\n<h3><b>Posibles efectos secundarios<\/b><\/h3>\n<ul>\n<li style=\"font-weight: 400;\" aria-level=\"1\"><span style=\"font-weight: 400;\">Pueden ocurrir problemas digestivos menores (hinchaz\u00f3n, n\u00e1useas), pero esto es poco com\u00fan.<\/span><\/li>\n<li style=\"font-weight: 400;\" aria-level=\"1\"><span style=\"font-weight: 400;\">Es posible que se produzcan reacciones al\u00e9rgicas si es sensible a alguno de los ingredientes.<\/span><\/li>\n<li style=\"font-weight: 400;\" aria-level=\"1\"><span style=\"font-weight: 400;\">Ocasionalmente puede aparecer un ligero dolor de cabeza mientras el cuerpo se acostumbra.<\/span><\/li>\n<\/ul>\n<h3><b>Contraindicaciones<\/b><\/h3>\n<ul>\n<li style=\"font-weight: 400;\" aria-level=\"1\"><span style=\"font-weight: 400;\">Alergia a alguno de los ingredientes.<\/span><\/li>\n<li style=\"font-weight: 400;\" aria-level=\"1\"><span style=\"font-weight: 400;\">Reservado para mayores de 18 a\u00f1os.<\/span><\/li>\n<li style=\"font-weight: 400;\" aria-level=\"1\"><span style=\"font-weight: 400;\">Enfermedades cr\u00f3nicas graves (lo mejor es consultar al m\u00e9dico).<\/span><\/li>\n<li style=\"font-weight: 400;\" aria-level=\"1\"><span style=\"font-weight: 400;\">Tomando medicamentos fuertes.<\/span><\/li>\n<\/ul>\n<h3><b>Conservaci\u00f3n<\/b><\/h3>\n<ul>\n<li style=\"font-weight: 400;\" aria-level=\"1\"><span style=\"font-weight: 400;\">Conservar en su embalaje original, en lugar seco.<\/span><\/li>\n<li style=\"font-weight: 400;\" aria-level=\"1\"><span style=\"font-weight: 400;\">Lejos de la luz solar directa.<\/span><\/li>\n<li style=\"font-weight: 400;\" aria-level=\"1\"><span style=\"font-weight: 400;\">Mantener fuera del alcance de los ni\u00f1os.<\/span><\/li>\n<li style=\"font-weight: 400;\" aria-level=\"1\"><span style=\"font-weight: 400;\">Respete el rango de temperatura indicado en la etiqueta.<\/span><\/li>\n<\/ul>\n<h3><b>Peque\u00f1a nota<\/b><\/h3>\n<p><span style=\"font-weight: 400;\">Los posibles efectos secundarios, si los hay, son generalmente temporales y desaparecen despu\u00e9s de la fase de adaptaci\u00f3n.<\/span><\/p>\n<h2><b>\u00bfDonde puedo comprarlo y a qu\u00e9 precio?<\/b><\/h2>\n<h3><b>\u00bfD\u00f3nde puedo conseguir Erexol?<\/b><\/h3>\n<p><span style=\"font-weight: 400;\">Para garantizar que reciba el producto original, compre solo en el sitio web oficial del fabricante. Esta es la \u00fanica garant\u00eda contra falsificaciones. Erexol no se vende en farmacias tradicionales ni en sitios web como Amazon.<\/span><\/p>\n<h2><b>\u00bfEn qu\u00e9 se diferencia de otros productos?<\/b><\/h2>\n<p><span style=\"font-weight: 400;\">Erexol se destaca claramente en el panorama de la salud masculina por varias razones.<\/span><\/p>\n<ul>\n<li style=\"font-weight: 400;\" aria-level=\"1\"><span style=\"font-weight: 400;\">Un enfoque multidisciplinario. En lugar de abordar un solo problema, act\u00faa en varios frentes: deseo, potencia, energ\u00eda y salud prost\u00e1tica. \u00a1Se acabaron los suplementos sin fin! Este enfoque hol\u00edstico busca la causa ra\u00edz en lugar de enmascarar los s\u00edntomas, para obtener resultados m\u00e1s duraderos.<\/span><\/li>\n<li style=\"font-weight: 400;\" aria-level=\"1\"><span style=\"font-weight: 400;\">Una f\u00f3rmula natural meticulosamente elaborada. Los ingredientes activos se seleccionan para actuar sin\u00e9rgicamente. Plantas como la Eurycoma (testosterona) y la Mucuna (libido) se seleccionan con base en criterios cient\u00edficos. No es una simple mezcla; es un equilibrio perfecto.<\/span><\/li>\n<li style=\"font-weight: 400;\" aria-level=\"1\"><span style=\"font-weight: 400;\">Efectos duraderos. El producto no promete milagros en 5 minutos, sino una mejora gradual. A diferencia de los estimulantes de efecto r\u00e1pido, Erexol ayuda al cuerpo a recuperar su equilibrio natural: mejora la circulaci\u00f3n y mejora el sistema nervioso y hormonal.<\/span><\/li>\n<li style=\"font-weight: 400;\" aria-level=\"1\"><span style=\"font-weight: 400;\">Bien tolerado. El riesgo de efectos secundarios es bajo en comparaci\u00f3n con muchas soluciones farmac\u00e9uticas. Gracias a sus ingredientes naturales cuidadosamente seleccionados, la f\u00f3rmula generalmente evita los efectos secundarios adversos de las mol\u00e9culas sint\u00e9ticas. Una opci\u00f3n inteligente para quienes piensan a largo plazo.<\/span><\/li>\n<\/ul>\n<h2><b>Instrucciones de uso<\/b><\/h2>\n<p><span style=\"font-weight: 400;\">Para obtener mejores resultados, siga las instrucciones al pie de la letra.<\/span><\/p>\n<h3><b>\u00bfC\u00f3mo debo tomarlo?<\/b><\/h3>\n<ul>\n<li style=\"font-weight: 400;\" aria-level=\"1\"><span style=\"font-weight: 400;\">Trague las c\u00e1psulas con un vaso grande de agua.<\/span><\/li>\n<li style=\"font-weight: 400;\" aria-level=\"1\"><span style=\"font-weight: 400;\">Tomarlos durante o despu\u00e9s de las comidas puede prevenir molestias estomacales menores.<\/span><\/li>\n<li style=\"font-weight: 400;\" aria-level=\"1\"><span style=\"font-weight: 400;\">Evite combinarlo con caf\u00e9 fuerte u otros estimulantes.<\/span><\/li>\n<\/ul>\n<h3><b>La dosis<\/b><\/h3>\n<ul>\n<li style=\"font-weight: 400;\" aria-level=\"1\"><span style=\"font-weight: 400;\">Generalmente: 1 a 2 c\u00e1psulas al d\u00eda.<\/span><\/li>\n<li style=\"font-weight: 400;\" aria-level=\"1\"><span style=\"font-weight: 400;\">La duraci\u00f3n (a menudo de 1 a 3 meses) y los ajustes est\u00e1n en las instrucciones.<\/span><\/li>\n<li style=\"font-weight: 400;\" aria-level=\"1\"><span style=\"font-weight: 400;\">No exceda la dosis diaria recomendada.<\/span><\/li>\n<\/ul>\n<h2><b>Conclusi\u00f3n<\/b><\/h2>\n<p><span style=\"font-weight: 400;\">Erexol es un suplemento diet\u00e9tico para la salud masculina. Formulado con ingredientes naturales reconocidos como la maca y el ginseng, ayuda a mejorar la intimidad y el bienestar general de forma suave y sostenible. Presentamos objetivamente sus ventajas, su funcionamiento y sus beneficios.<\/span><\/p>\n<p><span style=\"font-weight: 400;\">Tenga en cuenta que Erexol no es un medicamento y no sustituye la consulta m\u00e9dica. Si los s\u00edntomas persisten, consulte a un profesional de la salud.<\/span><\/p>\n<h2><b>FAQ: Sus preguntas<\/b><\/h2>\n<h3><b>\u00bfCu\u00e1nto cuesta Erexol?<\/b><\/h3>\n<p><span style=\"font-weight: 400;\">La web oficial suele ofrecer ofertas; por ejemplo, un pack desde 39 \u20ac. Una novedad interesante: se pueden a\u00f1adir promociones de temporada, con env\u00edo gratuito en pedidos superiores a un importe determinado. Se aceptan pagos con tarjeta, PayPal o transferencia bancaria. Una suscripci\u00f3n permite disfrutar de env\u00edos autom\u00e1ticos con descuento y soporte prioritario.<\/span><\/p>\n<h3><b>\u00bfQu\u00e9 contiene Erexol?<\/b><\/h3>\n<p><span style=\"font-weight: 400;\">Contiene extractos naturales de corteza de sauce, ortiga, ra\u00edz de ginseng, saw palmetto y maca. La lista completa se encuentra en la etiqueta. Informaci\u00f3n \u00fatil: Los extractos est\u00e1n estandarizados para una concentraci\u00f3n uniforme de ingredientes activos. Las c\u00e1psulas son de origen vegetal y no contienen gelatina, gluten ni lactosa.<\/span><\/p>\n<h3><b>\u00bfEs bien tolerado?<\/b><\/h3>\n<p><span style=\"font-weight: 400;\">La gran mayor\u00eda de los usuarios lo toleran muy bien. Pueden presentarse molestias digestivas o reacciones al\u00e9rgicas leves, pasajeras y poco frecuentes. Para minimizar estos riesgos, t\u00f3melo con una comida y beba abundante l\u00edquido. Evite combinarlo con anticoagulantes o antiinflamatorios sin consejo m\u00e9dico (la corteza de sauce contiene compuestos similares a la aspirina). Suspenda su uso si presenta sarpullido y consulte a un m\u00e9dico.<\/span><\/p>\n","protected":false},"excerpt":{"rendered":"<p>Erexol es el acelerador de \u00faltima generaci\u00f3n que ayuda a revitalizar el vigor masculino y a mejorar tu vida sexual. [&hellip;]<\/p>\n","protected":false},"featured_media":85,"comment_status":"open","ping_status":"closed","template":"","meta":{"site-sidebar-layout":"default","site-content-layout":"","ast-site-content-layout":"default","site-content-style":"default","site-sidebar-style":"default","ast-global-header-display":"","ast-banner-title-visibility":"","ast-main-header-display":"","ast-hfb-above-header-display":"","ast-hfb-below-header-display":"","ast-hfb-mobile-header-display":"","site-post-title":"","ast-breadcrumbs-content":"","ast-featured-img":"","footer-sml-layout":"","theme-transparent-header-meta":"default","adv-header-id-meta":"","stick-header-meta":"","header-above-stick-meta":"","header-main-stick-meta":"","header-below-stick-meta":"","astra-migrate-meta-layouts":"set","ast-page-background-enabled":"default","ast-page-background-meta":{"desktop":{"background-color":"var(--ast-global-color-5)","background-image":"","background-repeat":"repeat","background-position":"center center","background-size":"auto","background-attachment":"scroll","background-type":"","background-media":"","overlay-type":"","overlay-color":"","overlay-opacity":"","overlay-gradient":""},"tablet":{"background-color":"","background-image":"","background-repeat":"repeat","background-position":"center center","background-size":"auto","background-attachment":"scroll","background-type":"","background-media":"","overlay-type":"","overlay-color":"","overlay-opacity":"","overlay-gradient":""},"mobile":{"background-color":"","background-image":"","background-repeat":"repeat","background-position":"center center","background-size":"auto","background-attachment":"scroll","background-type":"","background-media":"","overlay-type":"","overlay-color":"","overlay-opacity":"","overlay-gradient":""}},"ast-content-background-meta":{"desktop":{"background-color":"var(--ast-global-color-4)","background-image":"","background-repeat":"repeat","background-position":"center center","background-size":"auto","background-attachment":"scroll","background-type":"","background-media":"","overlay-type":"","overlay-color":"","overlay-opacity":"","overlay-gradient":""},"tablet":{"background-color":"var(--ast-global-color-4)","background-image":"","background-repeat":"repeat","background-position":"center center","background-size":"auto","background-attachment":"scroll","background-type":"","background-media":"","overlay-type":"","overlay-color":"","overlay-opacity":"","overlay-gradient":""},"mobile":{"background-color":"var(--ast-global-color-4)","background-image":"","background-repeat":"repeat","background-position":"center center","background-size":"auto","background-attachment":"scroll","background-type":"","background-media":"","overlay-type":"","overlay-color":"","overlay-opacity":"","overlay-gradient":""}}},"product_brand":[],"product_cat":[15],"product_tag":[],"class_list":{"0":"post-84","1":"product","2":"type-product","3":"status-publish","4":"has-post-thumbnail","6":"product_cat-misc","7":"desktop-align-left","8":"tablet-align-left","9":"mobile-align-left","11":"first","12":"instock","13":"sale","14":"shipping-taxable","15":"purchasable","16":"product-type-simple"},"yoast_head":"<!-- This site is optimized with the Yoast SEO plugin v26.4 - https:\/\/yoast.com\/wordpress\/plugins\/seo\/ -->\n<title>Erexol en farmacia: opiniones, composici\u00f3n y compra con descuento en - Farmacia en l\u00ednea<\/title>\n<meta name=\"robots\" content=\"index, follow, max-snippet:-1, max-image-preview:large, max-video-preview:-1\" \/>\n<link rel=\"canonical\" href=\"https:\/\/farmacialacorchera.es\/farmacia\/product\/erexol\/\" \/>\n<meta property=\"og:locale\" content=\"es_ES\" \/>\n<meta property=\"og:type\" content=\"article\" \/>\n<meta property=\"og:title\" content=\"Erexol en farmacia: opiniones, composici\u00f3n y compra con descuento en - Farmacia en l\u00ednea\" \/>\n<meta property=\"og:description\" content=\"Erexol es el acelerador de \u00faltima generaci\u00f3n que ayuda a revitalizar el vigor masculino y a mejorar tu vida sexual. [&hellip;]\" \/>\n<meta property=\"og:url\" content=\"https:\/\/farmacialacorchera.es\/farmacia\/product\/erexol\/\" \/>\n<meta property=\"og:site_name\" content=\"Farmacia en l\u00ednea\" \/>\n<meta property=\"article:modified_time\" content=\"2025-12-02T12:27:53+00:00\" \/>\n<meta property=\"og:image\" content=\"https:\/\/farmacialacorchera.es\/farmacia\/wp-content\/uploads\/2025\/12\/s-l1200.jpg\" \/>\n\t<meta property=\"og:image:width\" content=\"1200\" \/>\n\t<meta property=\"og:image:height\" content=\"1200\" \/>\n\t<meta property=\"og:image:type\" content=\"image\/jpeg\" \/>\n<meta name=\"twitter:card\" content=\"summary_large_image\" \/>\n<meta name=\"twitter:label1\" content=\"Tiempo de lectura\" \/>\n\t<meta name=\"twitter:data1\" content=\"7 minutos\" \/>\n<script type=\"application\/ld+json\" class=\"yoast-schema-graph\">{\"@context\":\"https:\/\/schema.org\",\"@graph\":[{\"@type\":\"WebPage\",\"@id\":\"https:\/\/farmacialacorchera.es\/farmacia\/product\/erexol\/\",\"url\":\"https:\/\/farmacialacorchera.es\/farmacia\/product\/erexol\/\",\"name\":\"Erexol en farmacia: opiniones, composici\u00f3n y compra con descuento en - Farmacia en l\u00ednea\",\"isPartOf\":{\"@id\":\"https:\/\/farmacialacorchera.es\/farmacia\/#website\"},\"primaryImageOfPage\":{\"@id\":\"https:\/\/farmacialacorchera.es\/farmacia\/product\/erexol\/#primaryimage\"},\"image\":{\"@id\":\"https:\/\/farmacialacorchera.es\/farmacia\/product\/erexol\/#primaryimage\"},\"thumbnailUrl\":\"https:\/\/farmacialacorchera.es\/farmacia\/wp-content\/uploads\/2025\/12\/s-l1200.jpg\",\"datePublished\":\"2025-12-02T12:26:20+00:00\",\"dateModified\":\"2025-12-02T12:27:53+00:00\",\"breadcrumb\":{\"@id\":\"https:\/\/farmacialacorchera.es\/farmacia\/product\/erexol\/#breadcrumb\"},\"inLanguage\":\"es\",\"potentialAction\":[{\"@type\":\"ReadAction\",\"target\":[\"https:\/\/farmacialacorchera.es\/farmacia\/product\/erexol\/\"]}]},{\"@type\":\"ImageObject\",\"inLanguage\":\"es\",\"@id\":\"https:\/\/farmacialacorchera.es\/farmacia\/product\/erexol\/#primaryimage\",\"url\":\"https:\/\/farmacialacorchera.es\/farmacia\/wp-content\/uploads\/2025\/12\/s-l1200.jpg\",\"contentUrl\":\"https:\/\/farmacialacorchera.es\/farmacia\/wp-content\/uploads\/2025\/12\/s-l1200.jpg\",\"width\":1200,\"height\":1200,\"caption\":\"Erexol\"},{\"@type\":\"BreadcrumbList\",\"@id\":\"https:\/\/farmacialacorchera.es\/farmacia\/product\/erexol\/#breadcrumb\",\"itemListElement\":[{\"@type\":\"ListItem\",\"position\":1,\"name\":\"\u0413\u043b\u0430\u0432\u043d\u0430\u044f \u0441\u0442\u0440\u0430\u043d\u0438\u0446\u0430\",\"item\":\"https:\/\/farmacialacorchera.es\/farmacia\/\"},{\"@type\":\"ListItem\",\"position\":2,\"name\":\"Tienda\",\"item\":\"https:\/\/farmacialacorchera.es\/farmacia\/\"},{\"@type\":\"ListItem\",\"position\":3,\"name\":\"Erexol\"}]},{\"@type\":\"WebSite\",\"@id\":\"https:\/\/farmacialacorchera.es\/farmacia\/#website\",\"url\":\"https:\/\/farmacialacorchera.es\/farmacia\/\",\"name\":\"Farmacia en l\u00ednea\",\"description\":\"\",\"potentialAction\":[{\"@type\":\"SearchAction\",\"target\":{\"@type\":\"EntryPoint\",\"urlTemplate\":\"https:\/\/farmacialacorchera.es\/farmacia\/?s={search_term_string}\"},\"query-input\":{\"@type\":\"PropertyValueSpecification\",\"valueRequired\":true,\"valueName\":\"search_term_string\"}}],\"inLanguage\":\"es\"}]}<\/script>\n<!-- \/ Yoast SEO plugin. -->","yoast_head_json":{"title":"Erexol en farmacia: opiniones, composici\u00f3n y compra con descuento en - Farmacia en l\u00ednea","robots":{"index":"index","follow":"follow","max-snippet":"max-snippet:-1","max-image-preview":"max-image-preview:large","max-video-preview":"max-video-preview:-1"},"canonical":"https:\/\/farmacialacorchera.es\/farmacia\/product\/erexol\/","og_locale":"es_ES","og_type":"article","og_title":"Erexol en farmacia: opiniones, composici\u00f3n y compra con descuento en - Farmacia en l\u00ednea","og_description":"Erexol es el acelerador de \u00faltima generaci\u00f3n que ayuda a revitalizar el vigor masculino y a mejorar tu vida sexual. [&hellip;]","og_url":"https:\/\/farmacialacorchera.es\/farmacia\/product\/erexol\/","og_site_name":"Farmacia en l\u00ednea","article_modified_time":"2025-12-02T12:27:53+00:00","og_image":[{"width":1200,"height":1200,"url":"https:\/\/farmacialacorchera.es\/farmacia\/wp-content\/uploads\/2025\/12\/s-l1200.jpg","type":"image\/jpeg"}],"twitter_card":"summary_large_image","twitter_misc":{"Tiempo de lectura":"7 minutos"},"schema":{"@context":"https:\/\/schema.org","@graph":[{"@type":"WebPage","@id":"https:\/\/farmacialacorchera.es\/farmacia\/product\/erexol\/","url":"https:\/\/farmacialacorchera.es\/farmacia\/product\/erexol\/","name":"Erexol en farmacia: opiniones, composici\u00f3n y compra con descuento en - Farmacia en l\u00ednea","isPartOf":{"@id":"https:\/\/farmacialacorchera.es\/farmacia\/#website"},"primaryImageOfPage":{"@id":"https:\/\/farmacialacorchera.es\/farmacia\/product\/erexol\/#primaryimage"},"image":{"@id":"https:\/\/farmacialacorchera.es\/farmacia\/product\/erexol\/#primaryimage"},"thumbnailUrl":"https:\/\/farmacialacorchera.es\/farmacia\/wp-content\/uploads\/2025\/12\/s-l1200.jpg","datePublished":"2025-12-02T12:26:20+00:00","dateModified":"2025-12-02T12:27:53+00:00","breadcrumb":{"@id":"https:\/\/farmacialacorchera.es\/farmacia\/product\/erexol\/#breadcrumb"},"inLanguage":"es","potentialAction":[{"@type":"ReadAction","target":["https:\/\/farmacialacorchera.es\/farmacia\/product\/erexol\/"]}]},{"@type":"ImageObject","inLanguage":"es","@id":"https:\/\/farmacialacorchera.es\/farmacia\/product\/erexol\/#primaryimage","url":"https:\/\/farmacialacorchera.es\/farmacia\/wp-content\/uploads\/2025\/12\/s-l1200.jpg","contentUrl":"https:\/\/farmacialacorchera.es\/farmacia\/wp-content\/uploads\/2025\/12\/s-l1200.jpg","width":1200,"height":1200,"caption":"Erexol"},{"@type":"BreadcrumbList","@id":"https:\/\/farmacialacorchera.es\/farmacia\/product\/erexol\/#breadcrumb","itemListElement":[{"@type":"ListItem","position":1,"name":"\u0413\u043b\u0430\u0432\u043d\u0430\u044f \u0441\u0442\u0440\u0430\u043d\u0438\u0446\u0430","item":"https:\/\/farmacialacorchera.es\/farmacia\/"},{"@type":"ListItem","position":2,"name":"Tienda","item":"https:\/\/farmacialacorchera.es\/farmacia\/"},{"@type":"ListItem","position":3,"name":"Erexol"}]},{"@type":"WebSite","@id":"https:\/\/farmacialacorchera.es\/farmacia\/#website","url":"https:\/\/farmacialacorchera.es\/farmacia\/","name":"Farmacia en l\u00ednea","description":"","potentialAction":[{"@type":"SearchAction","target":{"@type":"EntryPoint","urlTemplate":"https:\/\/farmacialacorchera.es\/farmacia\/?s={search_term_string}"},"query-input":{"@type":"PropertyValueSpecification","valueRequired":true,"valueName":"search_term_string"}}],"inLanguage":"es"}]}},"_links":{"self":[{"href":"https:\/\/farmacialacorchera.es\/farmacia\/wp-json\/wp\/v2\/product\/84","targetHints":{"allow":["GET"]}}],"collection":[{"href":"https:\/\/farmacialacorchera.es\/farmacia\/wp-json\/wp\/v2\/product"}],"about":[{"href":"https:\/\/farmacialacorchera.es\/farmacia\/wp-json\/wp\/v2\/types\/product"}],"replies":[{"embeddable":true,"href":"https:\/\/farmacialacorchera.es\/farmacia\/wp-json\/wp\/v2\/comments?post=84"}],"wp:featuredmedia":[{"embeddable":true,"href":"https:\/\/farmacialacorchera.es\/farmacia\/wp-json\/wp\/v2\/media\/85"}],"wp:attachment":[{"href":"https:\/\/farmacialacorchera.es\/farmacia\/wp-json\/wp\/v2\/media?parent=84"}],"wp:term":[{"taxonomy":"product_brand","embeddable":true,"href":"https:\/\/farmacialacorchera.es\/farmacia\/wp-json\/wp\/v2\/product_brand?post=84"},{"taxonomy":"product_cat","embeddable":true,"href":"https:\/\/farmacialacorchera.es\/farmacia\/wp-json\/wp\/v2\/product_cat?post=84"},{"taxonomy":"product_tag","embeddable":true,"href":"https:\/\/farmacialacorchera.es\/farmacia\/wp-json\/wp\/v2\/product_tag?post=84"}],"curies":[{"name":"wp","href":"https:\/\/api.w.org\/{rel}","templated":true}]}}